{"id":75,"date":"2023-08-20T09:50:41","date_gmt":"2023-08-20T09:50:41","guid":{"rendered":"https:\/\/elizabethcarrillo-vargas.com\/?page_id=75"},"modified":"2023-08-20T09:50:41","modified_gmt":"2023-08-20T09:50:41","slug":"descargables","status":"publish","type":"page","link":"https:\/\/elizabethcarrillo-vargas.com\/index.php\/descargables\/","title":{"rendered":"Descargables"},"content":{"rendered":"\n<p class=\"has-large-font-size\">Aqu\u00ed podr\u00e1s encontrar, material de inter\u00e9s para desempe\u00f1o como docente.<\/p>\n\n\n\n<figure class=\"wp-block-gallery has-nested-images columns-default is-cropped wp-block-gallery-1 is-layout-flex wp-block-gallery-is-layout-flex\"><\/figure>\n","protected":false},"excerpt":{"rendered":"<p>Aqu\u00ed podr\u00e1s encontrar, material de inter\u00e9s para desempe\u00f1o como docente.<\/p>\n","protected":false},"author":1,"featured_media":0,"parent":0,"menu_order":0,"comment_status":"closed","ping_status":"closed","template":"","meta":{"footnotes":""},"_links":{"self":[{"href":"https:\/\/elizabethcarrillo-vargas.com\/index.php\/wp-json\/wp\/v2\/pages\/75"}],"collection":[{"href":"https:\/\/elizabethcarrillo-vargas.com\/index.php\/wp-json\/wp\/v2\/pages"}],"about":[{"href":"https:\/\/elizabethcarrillo-vargas.com\/index.php\/wp-json\/wp\/v2\/types\/page"}],"author":[{"embeddable":true,"href":"https:\/\/elizabethcarrillo-vargas.com\/index.php\/wp-json\/wp\/v2\/users\/1"}],"replies":[{"embeddable":true,"href":"https:\/\/elizabethcarrillo-vargas.com\/index.php\/wp-json\/wp\/v2\/comments?post=75"}],"version-history":[{"count":1,"href":"https:\/\/elizabethcarrillo-vargas.com\/index.php\/wp-json\/wp\/v2\/pages\/75\/revisions"}],"predecessor-version":[{"id":82,"href":"https:\/\/elizabethcarrillo-vargas.com\/index.php\/wp-json\/wp\/v2\/pages\/75\/revisions\/82"}],"wp:attachment":[{"href":"https:\/\/elizabethcarrillo-vargas.com\/index.php\/wp-json\/wp\/v2\/media?parent=75"}],"curies":[{"name":"wp","href":"https:\/\/api.w.org\/{rel}","templated":true}]}}