{"id":59,"date":"2023-08-20T08:24:35","date_gmt":"2023-08-20T08:24:35","guid":{"rendered":"https:\/\/elizabethcarrillo-vargas.com\/?page_id=59"},"modified":"2023-08-20T08:30:05","modified_gmt":"2023-08-20T08:30:05","slug":"articulos-de-investigacion","status":"publish","type":"page","link":"https:\/\/elizabethcarrillo-vargas.com\/index.php\/articulos-de-investigacion\/","title":{"rendered":"Art\u00edculos de investigaci\u00f3n"},"content":{"rendered":"\n<figure class=\"wp-block-table\"><table><tbody><tr><td><strong>A\u00f1o de publicaci\u00f3n<\/strong><\/td><td><strong>Art\u00edculos<\/strong><\/td><\/tr><tr><td>2015<\/td><td><strong>ESTILOS DE AFRONTAMIENTO DE PROFESORAS EXPUESTAS A VIOLENCIA DE G\u00c9NERO<\/strong>,<br>CARMONA GARC\u00cdA SUSANA<br>VEGA VILLANUEVA NADIA<br>CARRILLO VARGAS ELIZABETH<br>LOZANO RAM\u00cdREZ DORA ISABEL<br>BURCIAGA ROBLES JES\u00daS HUMBERTO, <strong>Revista electr\u00f3nica de Psicolog\u00eda Iztacala<\/strong> Vol. 18 Pag.<br>1747-1747<\/td><\/tr><tr><td>2014<\/td><td><strong>LA PRODUCCI\u00d3N ACAD\u00c9MICA DEL DOCENTE UNIVERSITARIO Y SU RELACI\u00d3N CON LA COMPETENCIA COMUNICATIVA<\/strong> <strong>ISSN 1682-2749 RPNS 1642<\/strong>, CARRILLO VARGAS ELIZABETH, <strong>Cient\u00edfico Pedag\u00f3gica Atenas<\/strong> Vol. 4 Pag. 75-75<\/td><\/tr><tr><td>2014<\/td><td><strong>DIRECTORES EXITOSOS DE SECUNDARIAS EN EL ESTADO DE CHIHUAHUA, M\u00c9XICO ISSN 1682-2749 RPNS 1642<\/strong>, CARRILLO VARGAS ELIZABETH<br>MARQU\u00c9S JURADO AMELIA<br>BERTRAND MARRUFO ANA LILIA, <strong>Revista cient\u00edfico Pedag\u00f3gica Atenas<\/strong> Vol. 3 Pag. 71-71<\/td><\/tr><tr><td>2014<\/td><td><strong>EVALUACION POR EST\u00c1NDARES DE LA GESTION DIRECTIVA EN SECUNDARIA ISSN. 1022-6508,<\/strong><br>SILVIA MARGARITA ARAIZA<br>LOURDES ELIZABETH CARRILLO VARGAS<br>RAMIRO MAGA\u00d1A YGARCIA, <strong>REVISTA IBEROAMERICANA DE EDUCACION<\/strong> Vol. 64 Pag. 99-99<\/td><\/tr><tr><td>2012<\/td><td><strong>LOS \u00c1MBITOS DE LA COMPETENCIA COMUNICATIVA DE LOS ACAD\u00c9MICOS DE LA UNIVERSIDAD AUT\u00d3NOMA DE CHIHUAHUA. ISSN 20074336<\/strong>, CARRILLO VARGAS ELIZABETH<br>MONTALVO CORT\u00c9S JORGE, <strong>Revista de investigaci\u00f3n educativa de la rediech<\/strong> Vol. 3 Pag. 37-37<\/td><\/tr><tr><td>2010<\/td><td><strong>LA COMPETENCIA COMUNICATIVA PIEDRA ANGULAR EN LA REALIDAD UNIVERSITARIA. ISSN 01876007 Folio de indexaci\u00f3n en Latindex 14105. ISSN 01876007<\/strong>, CARRILLO VARGAS ELIZABETH<br>CORTES MONTALVO JORGE, <strong>SYNTHESIS<\/strong> Vol. 56 Pag. 37-37<\/td><\/tr><tr><td>2008<\/td><td><strong>LA GESTION ESCOLAR EN LAS INSTITUCIONES EDUCATIVAS. ISSN01876007 FOLIO DE INDEXACI\u00d3N EN LATINDEX 14105<\/strong>, CARRILLO VARGAS ELIZABETH,<strong> SYNTHESIS<\/strong> Vol. 46 Pag. 1-1<\/td><\/tr><tr><td>2008<\/td><td><strong>PROBLEMATICA PARA LA OBTENCION DEL GRADO DE LOS EGRESADOS EN LA MAESTRIA EN EDUCACION SUPERIOR: UN ANALISIS CUALITATIVO. ISSN 01876007 FOLIO DE INDEXACION EN LATINDEX 14105<\/strong>, CARRILLO VARGAS ELIZABETH, <strong>SYNTHESIS<\/strong> Vol. 48 Pag. 1-1<\/td><\/tr><\/tbody><\/table><\/figure>\n","protected":false},"excerpt":{"rendered":"<p>A\u00f1o de publicaci\u00f3n Art\u00edculos 2015 ESTILOS DE AFRONTAMIENTO DE PROFESORAS EXPUESTAS A VIOLENCIA DE G\u00c9NERO,CARMONA GARC\u00cdA SUSANAVEGA VILLANUEVA NADIACARRILLO VARGAS ELIZABETHLOZANO RAM\u00cdREZ DORA ISABELBURCIAGA ROBLES JES\u00daS HUMBERTO, Revista electr\u00f3nica de Psicolog\u00eda Iztacala Vol. 18 Pag.1747-1747 2014 LA PRODUCCI\u00d3N ACAD\u00c9MICA DEL DOCENTE UNIVERSITARIO Y SU RELACI\u00d3N CON LA COMPETENCIA COMUNICATIVA ISSN 1682-2749 RPNS 1642, CARRILLO VARGAS &hellip; <\/p>\n","protected":false},"author":1,"featured_media":0,"parent":0,"menu_order":0,"comment_status":"closed","ping_status":"closed","template":"","meta":{"footnotes":""},"_links":{"self":[{"href":"https:\/\/elizabethcarrillo-vargas.com\/index.php\/wp-json\/wp\/v2\/pages\/59"}],"collection":[{"href":"https:\/\/elizabethcarrillo-vargas.com\/index.php\/wp-json\/wp\/v2\/pages"}],"about":[{"href":"https:\/\/elizabethcarrillo-vargas.com\/index.php\/wp-json\/wp\/v2\/types\/page"}],"author":[{"embeddable":true,"href":"https:\/\/elizabethcarrillo-vargas.com\/index.php\/wp-json\/wp\/v2\/users\/1"}],"replies":[{"embeddable":true,"href":"https:\/\/elizabethcarrillo-vargas.com\/index.php\/wp-json\/wp\/v2\/comments?post=59"}],"version-history":[{"count":3,"href":"https:\/\/elizabethcarrillo-vargas.com\/index.php\/wp-json\/wp\/v2\/pages\/59\/revisions"}],"predecessor-version":[{"id":65,"href":"https:\/\/elizabethcarrillo-vargas.com\/index.php\/wp-json\/wp\/v2\/pages\/59\/revisions\/65"}],"wp:attachment":[{"href":"https:\/\/elizabethcarrillo-vargas.com\/index.php\/wp-json\/wp\/v2\/media?parent=59"}],"curies":[{"name":"wp","href":"https:\/\/api.w.org\/{rel}","templated":true}]}}