{"id":56,"date":"2023-08-20T08:14:16","date_gmt":"2023-08-20T08:14:16","guid":{"rendered":"https:\/\/elizabethcarrillo-vargas.com\/?page_id=56"},"modified":"2023-08-20T08:14:16","modified_gmt":"2023-08-20T08:14:16","slug":"capitulos-de-libros","status":"publish","type":"page","link":"https:\/\/elizabethcarrillo-vargas.com\/index.php\/capitulos-de-libros\/","title":{"rendered":"Cap\u00edtulos de libros"},"content":{"rendered":"\n<figure class=\"wp-block-table\"><table><tbody><tr><td><strong>A\u00f1o de publicaci\u00f3n<\/strong><\/td><td class=\"has-text-align-left\" data-align=\"left\"><strong>Cap\u00edtulos de libros<\/strong><\/td><\/tr><tr><td>2016<\/td><td class=\"has-text-align-left\" data-align=\"left\"><strong>Gen\u00e9rica, B\u00e1sica y trasversal la Competencia Comunicativa : Innovar o Morir, el transitar inminente del acad\u00e9mico universitario<\/strong>, : La Educaci\u00f3n en Francia, M\u00e9xico y Francia: aportes para la reflexi\u00f3n.<br>EDICIONES IBUKKU .ISBN PAPERBACK 978-1-944278-39-7. ISBN E EDICIONES IBUKKU 1 29<\/td><\/tr><tr><td>2016<\/td><td class=\"has-text-align-left\" data-align=\"left\"><strong>Solo so\u00f1ando se logran las metas,<\/strong> \u00bfElogio a la cordura? Mujeres en academia. EDICIONES ASTRO DATA S.A. ISBN 978-980-402-193-0 MARACAIBO V ASTRO DATA S.A. 1 16<\/td><\/tr><tr><td>2016<\/td><td class=\"has-text-align-left\" data-align=\"left\"><strong>La gesti\u00f3n directiva en base a est\u00e1ndares y competencias<\/strong>, Escuela y entornos envolventes: Hallazgos y Reflexiones RED DE DURANGO DE INVESTIGADORES EDUCATIVOS. ISBN 978-607-90 RDIE 1 33<\/td><\/tr><tr><td>2013<\/td><td class=\"has-text-align-left\" data-align=\"left\"><strong>EVALUACI\u00d3N POR EST\u00c1NDARES DE LA GESTI\u00d3N DIRECTIVA EN SECUNDARIA<\/strong>, AVANCES DE INVESTIGACI\u00d3N EN LA MEJORA DE LA EDUCACI\u00d3N EN LA FORMACI\u00d3N DE DOCENTES EC-IFAD SINALOA EC-IFAD SINALOA 1<\/td><\/tr><tr><td>2012<\/td><td class=\"has-text-align-left\" data-align=\"left\"><strong>LA COMPETENCIA COMUNICATIVA EN LA PRODUCCION ACADEMICA<\/strong>, EVALUACION DE COMPETENCIAS DOCENTES EN LA EDUCACION SUPERIOR JUAN PABLOS EDITOR 1 34<\/td><\/tr><tr><td>2011<\/td><td class=\"has-text-align-left\" data-align=\"left\"><strong>LA COMPETENCIA COMUNICATIVA PIEDRA ANGULAR EN LA GENERACION DE PRODUCTOS: UNA REALIDAD UNIVERSITARIA<\/strong>, TENDENCIAS INNOVADORAS EN EDUCACI\u00d3N Y ADMINISTRACI\u00d3N \u00c4NGEL MART\u00cdN AGUILAR RIVEROLL, EDITH J. CISNEROS-COHERNOUR UASLETRAS 1 114<\/td><\/tr><tr><td>2011<\/td><td class=\"has-text-align-left\" data-align=\"left\"><strong>ELEMENTOS INTEGRADORES DE LA COMPETENCIA COMUNICATIVA EN ACADEMICOS UNIVERSITARIOS<\/strong>, RETOS DEL PROFESIONAL DE LA COMUNICACION EN LA SOCIEDAD DEL CONOCIMIENTO SOCIEDAD LATINA DE COMUNICACION SOCIAL F. DRAGO. ANDOCOPIAS SL. 7 21<\/td><\/tr><\/tbody><\/table><\/figure>\n","protected":false},"excerpt":{"rendered":"<p>A\u00f1o de publicaci\u00f3n Cap\u00edtulos de libros 2016 Gen\u00e9rica, B\u00e1sica y trasversal la Competencia Comunicativa : Innovar o Morir, el transitar inminente del acad\u00e9mico universitario, : La Educaci\u00f3n en Francia, M\u00e9xico y Francia: aportes para la reflexi\u00f3n.EDICIONES IBUKKU .ISBN PAPERBACK 978-1-944278-39-7. ISBN E EDICIONES IBUKKU 1 29 2016 Solo so\u00f1ando se logran las metas, \u00bfElogio a &hellip; <\/p>\n","protected":false},"author":1,"featured_media":0,"parent":0,"menu_order":0,"comment_status":"closed","ping_status":"closed","template":"","meta":{"footnotes":""},"_links":{"self":[{"href":"https:\/\/elizabethcarrillo-vargas.com\/index.php\/wp-json\/wp\/v2\/pages\/56"}],"collection":[{"href":"https:\/\/elizabethcarrillo-vargas.com\/index.php\/wp-json\/wp\/v2\/pages"}],"about":[{"href":"https:\/\/elizabethcarrillo-vargas.com\/index.php\/wp-json\/wp\/v2\/types\/page"}],"author":[{"embeddable":true,"href":"https:\/\/elizabethcarrillo-vargas.com\/index.php\/wp-json\/wp\/v2\/users\/1"}],"replies":[{"embeddable":true,"href":"https:\/\/elizabethcarrillo-vargas.com\/index.php\/wp-json\/wp\/v2\/comments?post=56"}],"version-history":[{"count":1,"href":"https:\/\/elizabethcarrillo-vargas.com\/index.php\/wp-json\/wp\/v2\/pages\/56\/revisions"}],"predecessor-version":[{"id":58,"href":"https:\/\/elizabethcarrillo-vargas.com\/index.php\/wp-json\/wp\/v2\/pages\/56\/revisions\/58"}],"wp:attachment":[{"href":"https:\/\/elizabethcarrillo-vargas.com\/index.php\/wp-json\/wp\/v2\/media?parent=56"}],"curies":[{"name":"wp","href":"https:\/\/api.w.org\/{rel}","templated":true}]}}