{"id":42,"date":"2023-08-20T07:36:15","date_gmt":"2023-08-20T07:36:15","guid":{"rendered":"https:\/\/elizabethcarrillo-vargas.com\/?page_id=42"},"modified":"2023-08-20T07:55:58","modified_gmt":"2023-08-20T07:55:58","slug":"libros","status":"publish","type":"page","link":"https:\/\/elizabethcarrillo-vargas.com\/index.php\/libros\/","title":{"rendered":"Libros"},"content":{"rendered":"\n<figure class=\"wp-block-table\"><table><tbody><tr><td><strong>A\u00f1o de publicaci\u00f3n<\/strong><\/td><td><strong>Libro<\/strong><\/td><\/tr><tr><td>2015<\/td><td><strong>EL LIDERAZGO DEL DIRECTOR ESCOLAR EN LA CALIDAD EDUCATIVA<\/strong>, <br>Lic. Eida Acosta Almanza<br>Dra. Silvia Margarita Araiza Mendoza<br>Lic. Arianna Barrag\u00e1n Castillo<br>Lic. Ana Lilia Bertrand Marrufo<br>Lic. Martin Campoy Zamorano<br>Lic. Jessica Chaparro De La Fuente<br>Lic. Miguel \u00c1ngel Gonz\u00e1lez Mendoza<br>Dra. Amelia M\u00e1rquez Jurado, DOBLE H\u00c9LICE, ISBN 978-607-8404-11-7<\/td><\/tr><tr><td>2015<\/td><td><strong>EVALUACI\u00d3N DE LA FUNCI\u00d3N DIRECTIVA CON BASE EN EST\u00c1NDARES<\/strong>, <br>Carrillo-Vargas Elizabeth<br>Araiza Mendoza Margarita<br>Maga\u00f1ay Garc\u00eda Ramiro, DOBLE H\u00c9LICE, ISBN 9786078404070<\/td><\/tr><tr><td>2013<\/td><td><strong>70 A\u00d1OS DE LUCHA &#8220;TESTIMONIOS&#8221;<\/strong>, <br>DRA.LOURDES ELIZABETH CARRILLO VARGAS<br>M.E.S ALEJANDRO VILLARREAL ALDAZ, TALLERES DE IMPRESORA STANDAR, ISBN<\/td><\/tr><\/tbody><\/table><\/figure>\n","protected":false},"excerpt":{"rendered":"<p>A\u00f1o de publicaci\u00f3n Libro 2015 EL LIDERAZGO DEL DIRECTOR ESCOLAR EN LA CALIDAD EDUCATIVA, Lic. Eida Acosta AlmanzaDra. Silvia Margarita Araiza MendozaLic. Arianna Barrag\u00e1n CastilloLic. Ana Lilia Bertrand MarrufoLic. Martin Campoy ZamoranoLic. Jessica Chaparro De La FuenteLic. Miguel \u00c1ngel Gonz\u00e1lez MendozaDra. Amelia M\u00e1rquez Jurado, DOBLE H\u00c9LICE, ISBN 978-607-8404-11-7 2015 EVALUACI\u00d3N DE LA FUNCI\u00d3N DIRECTIVA CON &hellip; <\/p>\n","protected":false},"author":1,"featured_media":0,"parent":0,"menu_order":0,"comment_status":"closed","ping_status":"closed","template":"","meta":{"footnotes":""},"_links":{"self":[{"href":"https:\/\/elizabethcarrillo-vargas.com\/index.php\/wp-json\/wp\/v2\/pages\/42"}],"collection":[{"href":"https:\/\/elizabethcarrillo-vargas.com\/index.php\/wp-json\/wp\/v2\/pages"}],"about":[{"href":"https:\/\/elizabethcarrillo-vargas.com\/index.php\/wp-json\/wp\/v2\/types\/page"}],"author":[{"embeddable":true,"href":"https:\/\/elizabethcarrillo-vargas.com\/index.php\/wp-json\/wp\/v2\/users\/1"}],"replies":[{"embeddable":true,"href":"https:\/\/elizabethcarrillo-vargas.com\/index.php\/wp-json\/wp\/v2\/comments?post=42"}],"version-history":[{"count":1,"href":"https:\/\/elizabethcarrillo-vargas.com\/index.php\/wp-json\/wp\/v2\/pages\/42\/revisions"}],"predecessor-version":[{"id":43,"href":"https:\/\/elizabethcarrillo-vargas.com\/index.php\/wp-json\/wp\/v2\/pages\/42\/revisions\/43"}],"wp:attachment":[{"href":"https:\/\/elizabethcarrillo-vargas.com\/index.php\/wp-json\/wp\/v2\/media?parent=42"}],"curies":[{"name":"wp","href":"https:\/\/api.w.org\/{rel}","templated":true}]}}