{"id":13,"date":"2023-08-19T22:41:47","date_gmt":"2023-08-19T22:41:47","guid":{"rendered":"https:\/\/elizabethcarrillo-vargas.com\/?page_id=13"},"modified":"2023-08-20T08:00:09","modified_gmt":"2023-08-20T08:00:09","slug":"inicio","status":"publish","type":"page","link":"https:\/\/elizabethcarrillo-vargas.com\/index.php\/inicio\/","title":{"rendered":"Semblanza"},"content":{"rendered":"\n<div class=\"wp-block-media-text is-stacked-on-mobile\" style=\"grid-template-columns:30% auto\"><figure class=\"wp-block-media-text__media\"><img decoding=\"async\" loading=\"lazy\" width=\"200\" height=\"300\" src=\"https:\/\/elizabethcarrillo-vargas.com\/wp-content\/uploads\/2023\/08\/MG_9451-e-1-200x300.jpg\" alt=\"\" class=\"wp-image-26 size-medium\" srcset=\"https:\/\/elizabethcarrillo-vargas.com\/wp-content\/uploads\/2023\/08\/MG_9451-e-1-200x300.jpg 200w, https:\/\/elizabethcarrillo-vargas.com\/wp-content\/uploads\/2023\/08\/MG_9451-e-1-683x1024.jpg 683w, https:\/\/elizabethcarrillo-vargas.com\/wp-content\/uploads\/2023\/08\/MG_9451-e-1-768x1152.jpg 768w, https:\/\/elizabethcarrillo-vargas.com\/wp-content\/uploads\/2023\/08\/MG_9451-e-1-1024x1536.jpg 1024w, https:\/\/elizabethcarrillo-vargas.com\/wp-content\/uploads\/2023\/08\/MG_9451-e-1-1365x2048.jpg 1365w, https:\/\/elizabethcarrillo-vargas.com\/wp-content\/uploads\/2023\/08\/MG_9451-e-1-40x60.jpg 40w, https:\/\/elizabethcarrillo-vargas.com\/wp-content\/uploads\/2023\/08\/MG_9451-e-1-scaled.jpg 1707w\" sizes=\"(max-width: 200px) 100vw, 200px\" \/><\/figure><div class=\"wp-block-media-text__content\">\n<p class=\"has-medium-font-size\">Licenciada en Psicolog\u00eda por la Universidad Aut\u00f3noma del Noroeste; Maestr\u00eda en Educaci\u00f3n Superior Campo Pr\u00e1ctica Docente por la Universidad Pedag\u00f3gica Nacional; Maestr\u00eda en Educaci\u00f3n Superior por Universidad Aut\u00f3noma de Chihuahua ; Maestr\u00eda en Administraci\u00f3n Educativa por la Universidad Aut\u00f3noma de Chihuahua y Doctorado en Educaci\u00f3n Centrado en Investigaci\u00f3n; Universidad Aut\u00f3noma de Chihuahua .<br>Historial Laboral: Selecci\u00f3n y Capacitaci\u00f3n de personal; Directora en guarder\u00edas y centros escolares, Docente-Investigadora en UACH, URN, ULSA, ITESM y SEP ; Capacitadora Certificada del CUDD, Learning Group e ,INDEX .<br>Ha ocupado diversos puestos como: Jefa del Departamento de Investigaci\u00f3n Educativa de la DEMYT; Jefa del Departamento de Innovaci\u00f3n Educativa DE LA Secretaria de Educaci\u00f3n y Deporte del Estado de Chihuahua y Coordinadora del Programa de Equidad e Inclusi\u00f3n Educativa de la Secretaria de Educaci\u00f3n y Deporte del Estado de Chihuahua.. Ha publicado 7 libros y participado con 11 cap\u00edtulos de libro en diferentes redes acad\u00e9micas a nivel internacional; publicaci\u00f3n continua en revistas indexadas adem\u00e1s de participar en congresos como ponente y conferencista a nivel nacional e internacional.<\/p>\n<\/div><\/div>\n","protected":false},"excerpt":{"rendered":"<p>Licenciada en Psicolog\u00eda por la Universidad Aut\u00f3noma del Noroeste; Maestr\u00eda en Educaci\u00f3n Superior Campo Pr\u00e1ctica Docente por la Universidad Pedag\u00f3gica Nacional; Maestr\u00eda en Educaci\u00f3n Superior por Universidad Aut\u00f3noma de Chihuahua ; Maestr\u00eda en Administraci\u00f3n Educativa por la Universidad Aut\u00f3noma de Chihuahua y Doctorado en Educaci\u00f3n Centrado en Investigaci\u00f3n; Universidad Aut\u00f3noma de Chihuahua .Historial Laboral: Selecci\u00f3n &hellip; <\/p>\n","protected":false},"author":1,"featured_media":0,"parent":0,"menu_order":0,"comment_status":"closed","ping_status":"closed","template":"","meta":{"footnotes":""},"_links":{"self":[{"href":"https:\/\/elizabethcarrillo-vargas.com\/index.php\/wp-json\/wp\/v2\/pages\/13"}],"collection":[{"href":"https:\/\/elizabethcarrillo-vargas.com\/index.php\/wp-json\/wp\/v2\/pages"}],"about":[{"href":"https:\/\/elizabethcarrillo-vargas.com\/index.php\/wp-json\/wp\/v2\/types\/page"}],"author":[{"embeddable":true,"href":"https:\/\/elizabethcarrillo-vargas.com\/index.php\/wp-json\/wp\/v2\/users\/1"}],"replies":[{"embeddable":true,"href":"https:\/\/elizabethcarrillo-vargas.com\/index.php\/wp-json\/wp\/v2\/comments?post=13"}],"version-history":[{"count":7,"href":"https:\/\/elizabethcarrillo-vargas.com\/index.php\/wp-json\/wp\/v2\/pages\/13\/revisions"}],"predecessor-version":[{"id":53,"href":"https:\/\/elizabethcarrillo-vargas.com\/index.php\/wp-json\/wp\/v2\/pages\/13\/revisions\/53"}],"wp:attachment":[{"href":"https:\/\/elizabethcarrillo-vargas.com\/index.php\/wp-json\/wp\/v2\/media?parent=13"}],"curies":[{"name":"wp","href":"https:\/\/api.w.org\/{rel}","templated":true}]}}